{"id":1274,"date":"2017-10-11T11:05:43","date_gmt":"2017-10-11T11:05:43","guid":{"rendered":"https:\/\/masterensayosclinicos.vhir.org\/?page_id=1274&#038;lang=es"},"modified":"2026-01-09T09:05:37","modified_gmt":"2026-01-09T09:05:37","slug":"calidad-docente","status":"publish","type":"page","link":"https:\/\/masterensayosclinicos.vhir.org\/es\/calidad-docente\/","title":{"rendered":"Calidad Docente"},"content":{"rendered":"<h2>Sistema de Garant\u00eda de Calidad Docente<\/h2>\n<p><a href=\"https:\/\/masterensayosclinicos.vhir.org\/wp-content\/uploads\/2016\/03\/qualitat-docent-15-16.pdf\" rel=\"\"><img loading=\"lazy\" decoding=\"async\" class=\"alignnone size-full wp-image-428\" src=\"https:\/\/masterensayosclinicos.vhir.org\/wp-content\/uploads\/2016\/02\/pdf-file-ico-e1454539588844.png\" alt=\"pdf-file-ico\" width=\"17\" height=\"20\" \/><\/a> <a href=\"https:\/\/masterensayosclinicos.vhir.org\/wp-content\/uploads\/2024\/01\/MANUAL-QUALITAT_Docencia_VHIR_v05_WEB.pdf\">Manual del Sistema de Garant\u00eda de Calidad Docente del VHIR<\/a><\/p>\n<p><a href=\"https:\/\/masterensayosclinicos.vhir.org\/wp-content\/uploads\/2016\/03\/qualitat-docent-15-16.pdf\" rel=\"\"><img loading=\"lazy\" decoding=\"async\" class=\"alignnone size-full wp-image-428\" src=\"https:\/\/masterensayosclinicos.vhir.org\/wp-content\/uploads\/2016\/02\/pdf-file-ico-e1454539588844.png\" alt=\"pdf-file-ico\" width=\"17\" height=\"20\" \/><\/a> <a href=\"https:\/\/masterensayosclinicos.vhir.org\/wp-content\/uploads\/2024\/01\/MANUAL-PROCESSOS_Docencia_VHIR_v05_WEB.pdf\">Manual de Procesos del Sistema de Garant\u00eda de Calidad de Docencia del VHIR<\/a><\/p>\n<p><a href=\"https:\/\/masterensayosclinicos.vhir.org\/wp-content\/uploads\/2016\/03\/qualitat-docent-15-16.pdf\" rel=\"\"><img loading=\"lazy\" decoding=\"async\" class=\"alignnone size-full wp-image-428\" src=\"https:\/\/masterensayosclinicos.vhir.org\/wp-content\/uploads\/2016\/02\/pdf-file-ico-e1454539588844.png\" alt=\"pdf-file-ico\" width=\"17\" height=\"20\" \/><\/a>\u00a0<a href=\"https:\/\/masterensayosclinicos.vhir.org\/wp-content\/uploads\/2017\/10\/VHIR-Q-PGR-006_v03_Gesti\u00f3-Queixes.pdf\" target=\"_blank\" rel=\"noopener\">Procedimiento de gesti\u00f3n de reclamaciones del cliente<\/a>\u00a0<\/p>\n<p>&nbsp;<\/p>\n<p>&nbsp;<\/p>\n","protected":false},"excerpt":{"rendered":"<p>Sistema de Garant\u00eda de Calidad Docente Manual del Sistema de Garant\u00eda de Calidad Docente del VHIR Manual de Procesos del Sistema de Garant\u00eda de Calidad de Docencia del VHIR \u00a0Procedimiento de gesti\u00f3n de reclamaciones del cliente\u00a0 &nbsp; &nbsp;<\/p>\n","protected":false},"author":3,"featured_media":3993,"parent":0,"menu_order":0,"comment_status":"closed","ping_status":"closed","template":"page-basic.php","meta":{"_acf_changed":false,"footnotes":""},"class_list":["post-1274","page","type-page","status-publish","has-post-thumbnail","hentry"],"acf":[],"_links":{"self":[{"href":"https:\/\/masterensayosclinicos.vhir.org\/es\/wp-json\/wp\/v2\/pages\/1274","targetHints":{"allow":["GET"]}}],"collection":[{"href":"https:\/\/masterensayosclinicos.vhir.org\/es\/wp-json\/wp\/v2\/pages"}],"about":[{"href":"https:\/\/masterensayosclinicos.vhir.org\/es\/wp-json\/wp\/v2\/types\/page"}],"author":[{"embeddable":true,"href":"https:\/\/masterensayosclinicos.vhir.org\/es\/wp-json\/wp\/v2\/users\/3"}],"replies":[{"embeddable":true,"href":"https:\/\/masterensayosclinicos.vhir.org\/es\/wp-json\/wp\/v2\/comments?post=1274"}],"version-history":[{"count":22,"href":"https:\/\/masterensayosclinicos.vhir.org\/es\/wp-json\/wp\/v2\/pages\/1274\/revisions"}],"predecessor-version":[{"id":4331,"href":"https:\/\/masterensayosclinicos.vhir.org\/es\/wp-json\/wp\/v2\/pages\/1274\/revisions\/4331"}],"wp:featuredmedia":[{"embeddable":true,"href":"https:\/\/masterensayosclinicos.vhir.org\/es\/wp-json\/wp\/v2\/media\/3993"}],"wp:attachment":[{"href":"https:\/\/masterensayosclinicos.vhir.org\/es\/wp-json\/wp\/v2\/media?parent=1274"}],"curies":[{"name":"wp","href":"https:\/\/api.w.org\/{rel}","templated":true}]}}