{"id":263,"date":"2016-01-17T22:06:39","date_gmt":"2016-01-17T22:06:39","guid":{"rendered":"https:\/\/masterensayosclinicos.vhir.org\/beques-3\/"},"modified":"2025-09-04T09:43:35","modified_gmt":"2025-09-04T09:43:35","slug":"beques","status":"publish","type":"page","link":"https:\/\/masterensayosclinicos.vhir.org\/es\/beques\/","title":{"rendered":"Becas M\u00e1ster"},"content":{"rendered":"<div class=\"block\" style=\"text-align: justify;\">El\u00a0VHIR\u00a0lanza anualmente un programa de <strong>becas de estudio para cursar el M\u00e1ster en Formaci\u00f3n Permanente en Gesti\u00f3n y Coordinaci\u00f3n de Ensayos Cl\u00ednicos<\/strong>. Este programa pretende <strong>atraer talento<\/strong> y <strong>promover la formaci\u00f3n de los y las mejores estudiantes<\/strong>, para continuar su carrera profesional en el Instituto.<br \/>\nLas becas se dirigen a estudiantes graduados de cualquier nacionalidad, que se matriculen al <strong>M\u00e1ster en Formaci\u00f3n Permanente en Gesti\u00f3n y Coordinaci\u00f3n de Ensayos Cl\u00ednicos<\/strong> en el mismo curso acad\u00e9mico en el que se solicita la ayuda.<\/div>\n<h2><span style=\"font-size: 16px;\">Becas disponibles para el curso 2025-2026<\/span><\/h2>\n<p><a href=\"http:\/\/master.vhir.org\/wp-content\/uploads\/2016\/01\/Call-text-2021-22.pdf\" rel=\"\"><strong><img loading=\"lazy\" decoding=\"async\" class=\"alignnone size-full wp-image-428\" src=\"http:\/\/master.vhir.org\/wp-content\/uploads\/2016\/02\/pdf-file-ico-e1454539588844.png\" alt=\"pdf-file-ico\" width=\"17\" height=\"20\" \/><\/strong><\/a><a href=\"https:\/\/masterensayosclinicos.vhir.org\/wp-content\/uploads\/2025\/06\/call_NOVARTIS_O2526.pdf\"> Convocatoria beca NOVARTIS 2025-2026<\/a><\/p>\n<div class=\"block\">\n<p><a href=\"http:\/\/master.vhir.org\/wp-content\/uploads\/2016\/01\/Call-text-2021-22.pdf\" rel=\"\"><strong><img loading=\"lazy\" decoding=\"async\" class=\"alignnone size-full wp-image-428\" src=\"http:\/\/master.vhir.org\/wp-content\/uploads\/2016\/02\/pdf-file-ico-e1454539588844.png\" alt=\"pdf-file-ico\" width=\"17\" height=\"20\" \/><\/strong><\/a> <a href=\"https:\/\/masterensayosclinicos.vhir.org\/wp-content\/uploads\/2025\/07\/call_SANOFI-25-26.pdf\">Convocatoria beca SANOFI 2025-2026<\/a><\/p>\n<p><a href=\"http:\/\/master.vhir.org\/wp-content\/uploads\/2016\/01\/Call-text-2021-22.pdf\" rel=\"\"><strong><img loading=\"lazy\" decoding=\"async\" class=\"alignnone size-full wp-image-428\" src=\"http:\/\/master.vhir.org\/wp-content\/uploads\/2016\/02\/pdf-file-ico-e1454539588844.png\" alt=\"pdf-file-ico\" width=\"17\" height=\"20\" \/><\/strong><\/a> <a href=\"https:\/\/masterensayosclinicos.vhir.org\/wp-content\/uploads\/2025\/09\/RESOLUCIO-BEQUES-2526.pdf\">Resoluci\u00f3n becas 2025-26<\/a><\/p>\n<p>&nbsp;<\/p>\n<\/div>\n","protected":false},"excerpt":{"rendered":"<p>El\u00a0VHIR\u00a0lanza anualmente un programa de becas de estudio para cursar el M\u00e1ster en Formaci\u00f3n Permanente en Gesti\u00f3n y Coordinaci\u00f3n de Ensayos Cl\u00ednicos. Este programa pretende atraer talento y promover la formaci\u00f3n de los y las mejores estudiantes, para continuar su carrera profesional en el Instituto. Las becas se dirigen a estudiantes graduados de cualquier nacionalidad, [&hellip;]<\/p>\n","protected":false},"author":2,"featured_media":2953,"parent":0,"menu_order":0,"comment_status":"closed","ping_status":"closed","template":"page-basic-with-widget.php","meta":{"_acf_changed":false,"footnotes":""},"class_list":["post-263","page","type-page","status-publish","has-post-thumbnail","hentry"],"acf":[],"_links":{"self":[{"href":"https:\/\/masterensayosclinicos.vhir.org\/es\/wp-json\/wp\/v2\/pages\/263","targetHints":{"allow":["GET"]}}],"collection":[{"href":"https:\/\/masterensayosclinicos.vhir.org\/es\/wp-json\/wp\/v2\/pages"}],"about":[{"href":"https:\/\/masterensayosclinicos.vhir.org\/es\/wp-json\/wp\/v2\/types\/page"}],"author":[{"embeddable":true,"href":"https:\/\/masterensayosclinicos.vhir.org\/es\/wp-json\/wp\/v2\/users\/2"}],"replies":[{"embeddable":true,"href":"https:\/\/masterensayosclinicos.vhir.org\/es\/wp-json\/wp\/v2\/comments?post=263"}],"version-history":[{"count":56,"href":"https:\/\/masterensayosclinicos.vhir.org\/es\/wp-json\/wp\/v2\/pages\/263\/revisions"}],"predecessor-version":[{"id":4314,"href":"https:\/\/masterensayosclinicos.vhir.org\/es\/wp-json\/wp\/v2\/pages\/263\/revisions\/4314"}],"wp:featuredmedia":[{"embeddable":true,"href":"https:\/\/masterensayosclinicos.vhir.org\/es\/wp-json\/wp\/v2\/media\/2953"}],"wp:attachment":[{"href":"https:\/\/masterensayosclinicos.vhir.org\/es\/wp-json\/wp\/v2\/media?parent=263"}],"curies":[{"name":"wp","href":"https:\/\/api.w.org\/{rel}","templated":true}]}}