{"id":268,"date":"2016-01-22T23:41:48","date_gmt":"2016-01-22T23:41:48","guid":{"rendered":"https:\/\/masterensayosclinicos.vhir.org\/practiques-2-2\/"},"modified":"2024-06-11T06:48:25","modified_gmt":"2024-06-11T06:48:25","slug":"practiques-2","status":"publish","type":"page","link":"https:\/\/masterensayosclinicos.vhir.org\/es\/practiques-2\/","title":{"rendered":"Pr\u00e1cticas"},"content":{"rendered":"<p>La asignatura consiste en la <strong>realizaci\u00f3n de una estancia de pr\u00e1cticas de 240 horas en un equipo o unidad especializada en gesti\u00f3n de ensayo cl\u00ednicos<\/strong> (equipo investigador, unidades orientadas a la gesti\u00f3n y\/o calidad de investigaci\u00f3n cl\u00ednica, unidades de apoyo a comit\u00e9s de \u00e9tica de la investigaci\u00f3n, entre otros) de un Hospital, centro de investigaci\u00f3n o empresa del sector sanitario (industria\u00a0farmac\u00e9utica,\u00a0CROs, etc.).<\/p>\n<p>El objetivo principal es que el estudiante tenga un <strong>primer contacto con el entorno profesional<\/strong> y adquiera una experiencia pr\u00e1ctica que le permita complementar los conocimientos te\u00f3ricos logrados a lo largo del programa, esto como llevar a la pr\u00e1ctica profesional las habilidades y competencias desarrolladas durante el curso.<\/p>\n<p>El proyecto de pr\u00e1cticas tiene que estar relacionado con los contenidos formativos del programa y tiene que permitir al estudiante realizar algunas de las <strong>tareas propias de los perfiles profesionales implicados en la gesti\u00f3n y coordinaci\u00f3n de ensayos cl\u00ednicos<\/strong>, como, por ejemplo: coordinaci\u00f3n, gesti\u00f3n del ensayo y de la documentaci\u00f3n relacionada, monitorizaci\u00f3n, introducci\u00f3n y registro de datos, control de calidad y procesos, entre otros.<\/p>\n<p>Durante la realizaci\u00f3n de las pr\u00e1cticas, los y las estudiantes estar\u00e1n supervisados y acompa\u00f1ados por un <strong>supervisor\/a de pr\u00e1cticas<\/strong> que ser\u00e1 la persona responsable de guiar, formar y evaluar al estudiante durante su estancia al lugar de destino de las pr\u00e1cticas. El estudiante y el supervisor\/a contar\u00e1n tambi\u00e9n con el apoyo de un <strong>tutor\/a acad\u00e9mico, vinculado al cuerpo docente de la titulaci\u00f3n<\/strong>, para resolver cualquier duda durante la realizaci\u00f3n de las pr\u00e1cticas y asegurar que se cumplan los est\u00e1ndares de calidad previstos por la correcta evoluci\u00f3n de la asignatura.<\/p>\n<p>Adem\u00e1s de la realizaci\u00f3n de las horas de pr\u00e1cticas, la asignatura contempla asistencia a <strong>sesiones de tutor\u00eda conjuntas<\/strong> con el coordinador\/a de la asignatura. Estas sesiones permitir\u00e1n reunir en todo el grupo de clase para explicar aspectos operativos del funcionamiento de la asignatura, hacer seguimiento del alumnado e intercambiar experiencias entre el grupo.<br \/>\nPara la evaluaci\u00f3n de la asignatura, el estudiante tendr\u00e1 que elaborar una memoria breve de pr\u00e1cticas explicando las tareas desarrolladas, el aprendizaje adquirido, cuales han sido las fortalezas y limitaciones a que ha tenido que hacer frente y cu\u00e1l ha sido su contribuci\u00f3n al equipo de trabajo.<\/p>\n<p>Las estancias de pr\u00e1cticas duran entre tres y seis meses y se pueden realizar en el Campus Vall de Hebr\u00f3n o en una instituci\u00f3n externa, como centros de investigaci\u00f3n o empresas farmac\u00e9uticas.<\/p>\n<p>Una vez hayas sido admitido para hacer pr\u00e1cticas en una unidad, tendr\u00e1s que dirigirte a la Secretar\u00eda Acad\u00e9mica del\u00a0VHIR\u00a0para firmar el <strong>acuerdo de colaboraci\u00f3n<\/strong> y hacer todos los tr\u00e1mites necesarios para iniciar la estancia.<\/p>\n<p style=\"text-align: justify;\"><div id=\"ondeuev_internship_filter\" class=\"ondeuev_internship_filter\"><h3>Advanced Search<\/h3><form name=\"internship_filter\" method=\"POST\" ><select id=\"especialidad\" class=\"flex-items\"><option selected=\"selected\" value=\"all\">All Specialities<\/option><option value=cardiologia-es>Cardiolog\u00eda<\/option><option value=endocrinologia-es>Endocrinolog\u00eda<\/option><option value=enfermedades-digestivas>Enfermedades Digestivas<\/option><option value=enfermedades-hepaticas>Enfermedades Hep\u00e1ticas<\/option><option value=enfermedades-infecciosas>Enfermedades Infecciosas<\/option><option value=enfermedades-inmunomediadas>Enfermedades Inmunomediadas<\/option><option value=enfermedades-metabolicas>Enfermedades Metab\u00f3licas<\/option><option value=hepatologia>Hepatolog\u00eda<\/option><option value=inmunologia>Inmunolog\u00eda<\/option><option value=medicina-interna>Medicina Interna<\/option><option value=microbiologia-es>Microbiolog\u00eda<\/option><option value=nefrologia-es>Nefrolog\u00eda<\/option><option value=neumologia>Neumolog\u00eda<\/option><option value=neurociencias>Neurociencias<\/option><option value=neuromuscular>Neuromuscular<\/option><option value=neurovascular-diseases-es>Neurovascular Diseases<\/option><option value=oftalmologia-es>Oftalmolog\u00eda<\/option><option value=oncologia-es>Oncolog\u00eda<\/option><option value=otras>Otras<\/option><option value=pediatria>Pediatr\u00eda<\/option><option value=psiquiatria-y-salud-mental>Psiquiatr\u00eda y Salud Mental<\/option><option value=terapias-avanzadas>Terapias avanzadas<\/option><\/select><select id=\"internship_centre\" class=\"flex-items\"><option value=\"all\">All Centers<\/option><option selected=\"selected\" value=\"vhir\">VHIR<\/option><option value=\"other\">Other<\/option><\/select><div class=\"flex-items\"> <input type=\"checkbox\" id=\"occupied\" name=\"occupied\" ><label for=\"occupied\" class=\"flex-items\"> Occupied<\/label><\/div><button type=\"button\" id=\"ondeuev_internship_filter_button\" class=\"btn btn-secondary flex-items\">\n                            <svg xmlns=\"http:\/\/www.w3.org\/2000\/svg\" width=\"16\" height=\"16\" fill=\"currentColor\" class=\"bi bi-search\" viewBox=\"0 0 16 16\">\n                                <path d=\"M11.742 10.344a6.5 6.5 0 1 0-1.397 1.398h-.001c.03.04.062.078.098.115l3.85 3.85a1 1 0 0 0 1.415-1.414l-3.85-3.85a1.007 1.007 0 0 0-.115-.1zM12 6.5a5.5 5.5 0 1 1-11 0 5.5 5.5 0 0 1 11 0z\"><\/path>\n                            <\/svg>\n                            <\/button><\/form><div id=\"ondeuev_internship_filter_pagination\"><\/div><\/div><\/p>\n<p style=\"text-align: justify;\"><div class=\"text-center searching\"><\/div><section class=\"internships\" id=\"accordion\"><\/section> <!-- interships --><\/p>\n<p style=\"text-align: justify;\">\u00a0<\/p>\n","protected":false},"excerpt":{"rendered":"<p>La asignatura consiste en la realizaci\u00f3n de una estancia de pr\u00e1cticas de 240 horas en un equipo o unidad especializada en gesti\u00f3n de ensayo cl\u00ednicos (equipo investigador, unidades orientadas a la gesti\u00f3n y\/o calidad de investigaci\u00f3n cl\u00ednica, unidades de apoyo a comit\u00e9s de \u00e9tica de la investigaci\u00f3n, entre otros) de un Hospital, centro de investigaci\u00f3n [&hellip;]<\/p>\n","protected":false},"author":2,"featured_media":3968,"parent":0,"menu_order":0,"comment_status":"closed","ping_status":"closed","template":"page-internships.php","meta":{"_acf_changed":false,"footnotes":""},"class_list":["post-268","page","type-page","status-publish","has-post-thumbnail","hentry"],"acf":[],"_links":{"self":[{"href":"https:\/\/masterensayosclinicos.vhir.org\/es\/wp-json\/wp\/v2\/pages\/268","targetHints":{"allow":["GET"]}}],"collection":[{"href":"https:\/\/masterensayosclinicos.vhir.org\/es\/wp-json\/wp\/v2\/pages"}],"about":[{"href":"https:\/\/masterensayosclinicos.vhir.org\/es\/wp-json\/wp\/v2\/types\/page"}],"author":[{"embeddable":true,"href":"https:\/\/masterensayosclinicos.vhir.org\/es\/wp-json\/wp\/v2\/users\/2"}],"replies":[{"embeddable":true,"href":"https:\/\/masterensayosclinicos.vhir.org\/es\/wp-json\/wp\/v2\/comments?post=268"}],"version-history":[{"count":34,"href":"https:\/\/masterensayosclinicos.vhir.org\/es\/wp-json\/wp\/v2\/pages\/268\/revisions"}],"predecessor-version":[{"id":4085,"href":"https:\/\/masterensayosclinicos.vhir.org\/es\/wp-json\/wp\/v2\/pages\/268\/revisions\/4085"}],"wp:featuredmedia":[{"embeddable":true,"href":"https:\/\/masterensayosclinicos.vhir.org\/es\/wp-json\/wp\/v2\/media\/3968"}],"wp:attachment":[{"href":"https:\/\/masterensayosclinicos.vhir.org\/es\/wp-json\/wp\/v2\/media?parent=268"}],"curies":[{"name":"wp","href":"https:\/\/api.w.org\/{rel}","templated":true}]}}