{"id":4146,"date":"2024-06-04T08:12:24","date_gmt":"2024-06-04T08:12:24","guid":{"rendered":"https:\/\/masterensayosclinicos.vhir.org\/home\/"},"modified":"2025-04-09T13:36:39","modified_gmt":"2025-04-09T13:36:39","slug":"home","status":"publish","type":"page","link":"https:\/\/masterensayosclinicos.vhir.org\/es\/","title":{"rendered":"Home"},"content":{"rendered":"<p>&nbsp;<\/p>\n<p style=\"text-align: center;\">El M\u00e1ster en\u00a0<strong>Formaci\u00f3n Permanente en Gesti\u00f3n y Coordinaci\u00f3n en Ensayos Cl\u00ednicos<\/strong>, organizado por el Vall d\u2019Hebron Instituto de Investigaci\u00f3n (VHIR), centro adscrito en la Universidad Aut\u00f3noma de Barcelona (UAB), es un programa de car\u00e1cter propio creado para formar nuevos perfiles profesionales de excelencia que apoyen a los y las profesionales sanitarios y a las instituciones y empresas implicadas, para responder al alta demanda existente y llevar a cabo los ensayos con los mejores est\u00e1ndares de calidad.<\/p>\n<p>El m\u00e1ster se dirige a formar profesionales especializados en las tareas de\u00a0<strong>coordinaci\u00f3n, gesti\u00f3n, planificaci\u00f3n y apoyo en el desarrollo de los ensayos cl\u00ednicos.<\/strong><\/p>\n<p>&nbsp;<\/p>\n<p style=\"text-align: center;\"><iframe loading=\"lazy\" title=\"YouTube video player\" src=\"\/\/www.youtube.com\/embed\/IX2YyGJAc00?si=njzveD_x0ZcIGBJU\" width=\"560\" height=\"315\" frameborder=\"0\" allowfullscreen=\"allowfullscreen\"><\/iframe><\/p>\n","protected":false},"excerpt":{"rendered":"<p>&nbsp; El M\u00e1ster en\u00a0Formaci\u00f3n Permanente en Gesti\u00f3n y Coordinaci\u00f3n en Ensayos Cl\u00ednicos, organizado por el Vall d\u2019Hebron Instituto de Investigaci\u00f3n (VHIR), centro adscrito en la Universidad Aut\u00f3noma de Barcelona (UAB), es un programa de car\u00e1cter propio creado para formar nuevos perfiles profesionales de excelencia que apoyen a los y las profesionales sanitarios y a las [&hellip;]<\/p>\n","protected":false},"author":2,"featured_media":0,"parent":0,"menu_order":0,"comment_status":"closed","ping_status":"closed","template":"","meta":{"_acf_changed":false,"footnotes":""},"class_list":["post-4146","page","type-page","status-publish","hentry"],"acf":[],"_links":{"self":[{"href":"https:\/\/masterensayosclinicos.vhir.org\/es\/wp-json\/wp\/v2\/pages\/4146","targetHints":{"allow":["GET"]}}],"collection":[{"href":"https:\/\/masterensayosclinicos.vhir.org\/es\/wp-json\/wp\/v2\/pages"}],"about":[{"href":"https:\/\/masterensayosclinicos.vhir.org\/es\/wp-json\/wp\/v2\/types\/page"}],"author":[{"embeddable":true,"href":"https:\/\/masterensayosclinicos.vhir.org\/es\/wp-json\/wp\/v2\/users\/2"}],"replies":[{"embeddable":true,"href":"https:\/\/masterensayosclinicos.vhir.org\/es\/wp-json\/wp\/v2\/comments?post=4146"}],"version-history":[{"count":3,"href":"https:\/\/masterensayosclinicos.vhir.org\/es\/wp-json\/wp\/v2\/pages\/4146\/revisions"}],"predecessor-version":[{"id":4281,"href":"https:\/\/masterensayosclinicos.vhir.org\/es\/wp-json\/wp\/v2\/pages\/4146\/revisions\/4281"}],"wp:attachment":[{"href":"https:\/\/masterensayosclinicos.vhir.org\/es\/wp-json\/wp\/v2\/media?parent=4146"}],"curies":[{"name":"wp","href":"https:\/\/api.w.org\/{rel}","templated":true}]}}